{"id":1618,"date":"2014-11-24T17:17:58","date_gmt":"2014-11-24T16:17:58","guid":{"rendered":"http:\/\/wurllplus.xa\/home\/"},"modified":"2024-09-30T16:45:51","modified_gmt":"2024-09-30T15:45:51","slug":"home","status":"publish","type":"page","link":"https:\/\/wurll-jasper.de\/en\/","title":{"rendered":"home"},"content":{"rendered":"<section class=\"l-section wpb_row height_medium with_img\" id=\"start\"><div class=\"l-section-img\" role=\"img\" data-img-width=\"2590\" data-img-height=\"1296\" style=\"background-image: url(https:\/\/wurll-jasper.de\/wp-content\/uploads\/JR12002_01a.jpg);\"><\/div><div class=\"l-section-h i-cf\"><div class=\"g-cols vc_row via_flex valign_top type_default stacking_default\"><div class=\"vc_col-sm-8 wpb_column vc_column_container\"><div class=\"vc_column-inner\"><div class=\"wpb_wrapper\"><div class=\"g-cols wpb_row via_flex valign_top type_default stacking_default\"><div class=\"vc_col-sm-12 wpb_column vc_column_container\"><div class=\"vc_column-inner\"><div class=\"wpb_wrapper\"><div class=\"wpb_text_column\"><div class=\"wpb_wrapper\"><div class=\"l-section-h i-cf\">\n<div class=\"g-cols vc_row via_flex valign_top type_default stacking_default\">\n<div class=\"vc_col-sm-8 wpb_column vc_column_container\">\n<div class=\"vc_column-inner\">\n<div class=\"wpb_wrapper\">\n<div class=\"g-cols wpb_row via_flex valign_top type_default stacking_default\">\n<div class=\"vc_col-sm-12 wpb_column vc_column_container\">\n<div class=\"vc_column-inner\">\n<div class=\"wpb_wrapper\"><\/div>\n<\/div>\n<\/div>\n<div class=\"wpb_text_column\">\n<div class=\"wpb_wrapper\">\n<h1>Wurll Jasper + Kollegen \u2013 Welcome to our specialist employment law firm in D\u00fcsseldorf!<\/h1>\n<\/div>\n<\/div>\n<\/div>\n<\/div>\n<\/div>\n<\/div>\n<\/div>\n<\/div>\n<\/div><\/div><\/div><\/div><\/div><\/div><div class=\"w-separator size_small\"><\/div><div class=\"w-btn-wrapper align_none\"><a class=\"w-btn us-btn-style_3 us_custom_1e0e9307 icon_atleft\" href=\"https:\/\/wurll-jasper.de\/en\/law-firm\/\"><i class=\"fas fa-chevron-circle-right\"><\/i><span class=\"w-btn-label\">Law firm<\/span><\/a><\/div><div class=\"w-separator size_medium\"><\/div><div class=\"w-tabs style_default switch_click accordion type_togglable has_scrolling\" style=\"--sections-title-size:18px\"><div class=\"w-tabs-sections titles-align_none icon_none\"><div class=\"w-tabs-section\" id=\"p931\"><button class=\"w-tabs-section-header with_icon\" aria-controls=\"content-p931\" aria-expanded=\"false\"><i class=\"fas fa-chevron-circle-down\"><\/i><div class=\"w-tabs-section-title\">News<\/div><div class=\"w-tabs-section-control\"><\/div><\/button><div  class=\"w-tabs-section-content\" id=\"content-p931\"><div class=\"w-tabs-section-content-h i-cf\"><div class=\"w-grid type_grid layout_1863 cols_3\" id=\"us_grid_1\" style=\"--gap:1.5rem;\" data-filterable=\"true\"><style>@media (max-width:1024px){#us_grid_1 .w-grid-item{width:50%}}@media (max-width:600px){#us_grid_1 .w-grid-list{margin:0}#us_grid_1 .w-grid-item{width:100%;padding:0;margin-bottom:var(--gap,0px)}}@media (min-width:1024px){#us_grid_1 .w-post-elm.post_title{font-size:16px!important}}.layout_1863 .w-grid-item-h{}.layout_1863 .usg_post_image_1{margin-bottom:1rem!important}.layout_1863 .usg_post_title_1{margin-bottom:0.5rem!important;font-family:var(--h1-font-family)!important;font-size:1.2rem!important}<\/style><div class=\"w-grid-list\">\t<article class=\"w-grid-item size_1x1 post-2299 post type-post status-publish format-standard hentry category-allgemein\" data-id=\"2299\">\r\n\t\t<div class=\"w-grid-item-h\">\r\n\t\t\t\t\t\t<h2 class=\"w-post-elm post_title usg_post_title_1 entry-title color_link_inherit\"><a href=\"https:\/\/wurll-jasper.de\/en\/anfechtung-einer-ausschliesslich-als-briefwahl-durchgefuehrten-betriebsratswahl-lag-nuernberg-beschluss-vom-7-3-2022-1-tabv-23-2\/\">Anfechtung einer ausschlie\u00dflich als Briefwahl durchgef\u00fchrten Betriebsratswahl (LAG N\u00fcrnberg,\u00a0Beschluss\u00a0vom\u00a07.3.2022\u00a0\u2013\u00a01 TaBV 23\/2)<\/a><\/h2>\t\t<\/div>\r\n\t<\/article>\r\n\t<article class=\"w-grid-item size_1x1 post-2293 post type-post status-publish format-standard hentry category-allgemein\" data-id=\"2293\">\r\n\t\t<div class=\"w-grid-item-h\">\r\n\t\t\t\t\t\t<h2 class=\"w-post-elm post_title usg_post_title_1 entry-title color_link_inherit\"><a href=\"https:\/\/wurll-jasper.de\/en\/zugangsnachweis-einer-kuendigung-bei-einwurf-einschreiben-lag-baden-wuerttemberg-urt-v-28-7-2021-4-sa-68-20\/\">Zugangsnachweis einer K\u00fcndigung bei Einwurf-Einschreiben (LAG Baden-W\u00fcrttemberg, Urt. v. 28.7.2021 \u2013 4 Sa 68\/20)<\/a><\/h2>\t\t<\/div>\r\n\t<\/article>\r\n\t<article class=\"w-grid-item size_1x1 post-2279 post type-post status-publish format-standard hentry category-allgemein\" data-id=\"2279\">\r\n\t\t<div class=\"w-grid-item-h\">\r\n\t\t\t\t\t\t<h2 class=\"w-post-elm post_title usg_post_title_1 entry-title color_link_inherit\"><a href=\"https:\/\/wurll-jasper.de\/en\/arbeitsunfaehigkeitsbescheinigung-vom-tag-der-kuendigung-bis-zum-ablauf-der-kuendigungsfrist-bag-urteil-vom-08-09-2021-5-azr-149-21\/\">Arbeitsunf\u00e4higkeitsbescheinigung vom Tag der K\u00fcndigung bis zum Ablauf der K\u00fcndigungsfrist (BAG, Urteil vom 08.09.2021 &#8211; 5 AZR 149\/21)<\/a><\/h2>\t\t<\/div>\r\n\t<\/article>\r\n<\/div><div class=\"w-grid-preloader\">\t<div class=\"g-preloader type_1\">\r\n\t\t<div><\/div>\r\n\t<\/div>\r\n\t<\/div>\t<div class=\"w-grid-json hidden\" onclick='return {&quot;action&quot;:&quot;us_ajax_grid&quot;,&quot;ajax_url&quot;:&quot;https:\\\/\\\/wurll-jasper.de\\\/wp-admin\\\/admin-ajax.php&quot;,&quot;infinite_scroll&quot;:0,&quot;max_num_pages&quot;:11,&quot;pagination&quot;:&quot;none&quot;,&quot;template_vars&quot;:{&quot;columns&quot;:&quot;3&quot;,&quot;exclude_items&quot;:&quot;none&quot;,&quot;img_size&quot;:&quot;us_600_400_crop&quot;,&quot;ignore_items_size&quot;:0,&quot;items_layout&quot;:&quot;1863&quot;,&quot;items_offset&quot;:&quot;1&quot;,&quot;load_animation&quot;:&quot;none&quot;,&quot;overriding_link&quot;:&quot;{\\&quot;url\\&quot;:\\&quot;\\&quot;}&quot;,&quot;post_id&quot;:0,&quot;query_args&quot;:{&quot;post_type&quot;:[&quot;post&quot;],&quot;post_status&quot;:[&quot;publish&quot;],&quot;posts_per_page&quot;:&quot;3&quot;},&quot;orderby_query_args&quot;:{&quot;orderby&quot;:{&quot;date&quot;:&quot;DESC&quot;}},&quot;type&quot;:&quot;grid&quot;,&quot;us_grid_ajax_index&quot;:1,&quot;us_grid_filter_params&quot;:[],&quot;us_grid_index&quot;:1,&quot;_us_grid_post_type&quot;:&quot;post&quot;,&quot;page_args&quot;:[],&quot;lang&quot;:&quot;en&quot;}}'><\/div>\r\n\t<\/div><div class=\"w-btn-wrapper align_none\"><a class=\"w-btn us-btn-style_3 us_custom_1e0e9307 icon_atleft\" href=\"http:\/\/wurllplus.de\/en\/news\/\"><i class=\"fas fa-chevron-circle-right\"><\/i><span class=\"w-btn-label\">Alle News<\/span><\/a><\/div><\/div><\/div><\/div><\/div><\/div><div class=\"vc_col-sm-12 wpb_column vc_column_container\"><div class=\"vc_column-inner\"><div class=\"wpb_wrapper\"><div class=\"w-separator size_custom\" style=\"height:300px\"><\/div><\/div><\/div><\/div><div class=\"vc_col-sm-12 wpb_column vc_column_container\"><div class=\"vc_column-inner\"><div class=\"wpb_wrapper\"><\/div><\/div><\/div><div class=\"vc_col-sm-12 wpb_column vc_column_container\"><div class=\"vc_column-inner\"><div class=\"wpb_wrapper\"><\/div><\/div><\/div><\/div><\/div><\/div><div class=\"vc_col-sm-4 wpb_column vc_column_container\"><div class=\"vc_column-inner\"><div class=\"wpb_wrapper\"><div class=\"w-separator size_custom\" style=\"height:10px\"><\/div><\/div><\/div><\/div><\/div><\/div><\/section><section class=\"l-section wpb_row height_medium with_img\" id=\"expertise\"><div class=\"l-section-img\" role=\"img\" data-img-width=\"2560\" data-img-height=\"842\" style=\"background-image: url(https:\/\/wurll-jasper.de\/wp-content\/uploads\/JRolfes.Wurll141114.06731.jpg);\"><\/div><div class=\"l-section-h i-cf\"><div class=\"g-cols vc_row via_flex valign_top type_default stacking_default\"><div class=\"vc_col-sm-3 wpb_column vc_column_container\"><div class=\"vc_column-inner\"><div class=\"wpb_wrapper\"><div class=\"w-separator size_custom\" style=\"height:1px\"><\/div><\/div><\/div><\/div><div class=\"vc_col-sm-9 wpb_column vc_column_container\"><div class=\"vc_column-inner\"><div class=\"wpb_wrapper\"><div class=\"w-separator size_custom\" style=\"height:400px\"><\/div><div class=\"wpb_text_column\"><div class=\"wpb_wrapper\"><h2 style=\"text-align: left;\"><span style=\"color: #ff7007;\">Supporting you every step of the way:<br \/>\nIn matters of employment law you can rely on the expertise and experience of our lawyers.<\/span><\/h2>\n<\/div><\/div><div class=\"w-btn-wrapper align_none\"><a class=\"w-btn us-btn-style_3 us_custom_1e0e9307 icon_atleft\" href=\"https:\/\/wurll-jasper.de\/en\/Expertise\"><i class=\"fas fa-chevron-circle-right\"><\/i><span class=\"w-btn-label\">Expertise<\/span><\/a><\/div><div class=\"w-separator size_custom\" style=\"height:150px\"><\/div><\/div><\/div><\/div><\/div><\/div><\/section><section class=\"l-section wpb_row height_medium with_img\" id=\"anwaelte\"><div class=\"l-section-img\" role=\"img\" data-img-width=\"2560\" data-img-height=\"777\" style=\"background-image: url(https:\/\/wurll-jasper.de\/wp-content\/uploads\/JRolfes.Wurll181114.0428.jpg);\"><\/div><div class=\"l-section-h i-cf\"><div class=\"g-cols vc_row via_flex valign_top type_default stacking_default\"><div class=\"vc_col-sm-8 wpb_column vc_column_container\"><div class=\"vc_column-inner\"><div class=\"wpb_wrapper\"><div class=\"wpb_text_column\"><div class=\"wpb_wrapper\"><h2><span style=\"color: #ff7007;\">Our legal expertise is the basis for your success. Personal consultancy on equal terms guarantees a trusting and successful cooperation.<\/span><\/h2>\n<\/div><\/div><div class=\"g-cols wpb_row via_flex valign_top type_default stacking_default\"><div class=\"vc_col-sm-12 wpb_column vc_column_container\"><div class=\"vc_column-inner\"><div class=\"wpb_wrapper\"><div class=\"w-btn-wrapper align_none\"><a class=\"w-btn us-btn-style_3 us_custom_1e0e9307 icon_atleft\" href=\"https:\/\/wurll-jasper.de\/en\/home\/lawyers\/\"><i class=\"fas fa-chevron-circle-right\"><\/i><span class=\"w-btn-label\">Heads<\/span><\/a><\/div><\/div><\/div><\/div><\/div><div class=\"w-separator size_custom\" style=\"height:500px\"><\/div><\/div><\/div><\/div><div class=\"vc_col-sm-4 wpb_column vc_column_container\"><div class=\"vc_column-inner\"><div class=\"wpb_wrapper\"><\/div><\/div><\/div><\/div><\/div><\/section><section class=\"l-section wpb_row height_medium with_img\" id=\"karriere\"><div class=\"l-section-img\" role=\"img\" data-img-width=\"2560\" data-img-height=\"1232\" style=\"background-image: url(https:\/\/wurll-jasper.de\/wp-content\/uploads\/JRolfes.WurllStillStudio021214.00971.jpg);\"><\/div><div class=\"l-section-h i-cf\"><div class=\"g-cols vc_row via_flex valign_top type_default stacking_default\"><div class=\"vc_col-sm-3 wpb_column vc_column_container\"><div class=\"vc_column-inner\"><div class=\"wpb_wrapper\"><div class=\"w-separator size_custom\" style=\"height:32px\"><\/div><\/div><\/div><\/div><div class=\"vc_col-sm-9 wpb_column vc_column_container\"><div class=\"vc_column-inner\"><div class=\"wpb_wrapper\"><div class=\"wpb_text_column\"><div class=\"wpb_wrapper\"><h2 class=\"p1\"><span style=\"color: #ff7007;\">We are not running out of work.<br \/>\nCommitted, clever minds are always welcome.<\/span><\/h2>\n<\/div><\/div><div class=\"g-cols wpb_row via_flex valign_top type_default stacking_default\"><div class=\"vc_col-sm-12 wpb_column vc_column_container\"><div class=\"vc_column-inner\"><div class=\"wpb_wrapper\"><div class=\"w-btn-wrapper align_none\"><a class=\"w-btn us-btn-style_3 us_custom_1e0e9307 icon_atleft\" href=\"https:\/\/wurll-jasper.de\/en\/career\/\"><i class=\"fas fa-chevron-circle-right\"><\/i><span class=\"w-btn-label\">Career<\/span><\/a><\/div><\/div><\/div><\/div><\/div><div class=\"w-separator size_custom\" style=\"height:300px\"><\/div><\/div><\/div><\/div><\/div><\/div><\/section><section class=\"l-section wpb_row height_medium\" id=\"contact\"><div class=\"l-section-h i-cf\"><div class=\"g-cols vc_row via_flex valign_top type_default stacking_default\"><div class=\"vc_col-sm-8 wpb_column vc_column_container\"><div class=\"vc_column-inner\"><div class=\"wpb_wrapper\"><div class=\"wpb_text_column\"><div class=\"wpb_wrapper\"><h1 style=\"text-align: left;\"><span style=\"color: #ff7007;\">Our consultancy is based on personal contact:<br \/>\nWe are here for you!<\/span><\/h1>\n<\/div><\/div><\/div><\/div><\/div><div class=\"vc_col-sm-4 wpb_column vc_column_container\"><div class=\"vc_column-inner\"><div class=\"wpb_wrapper\"><\/div><\/div><\/div><\/div><\/div><\/section><section class=\"l-section wpb_row height_auto\"><div class=\"l-section-h i-cf\"><div class=\"g-cols vc_row via_flex valign_top type_default stacking_default\"><div class=\"vc_col-sm-4 wpb_column vc_column_container\"><div class=\"vc_column-inner\"><div class=\"wpb_wrapper\"><div class=\"w-separator size_custom\" style=\"height:1px\"><\/div><\/div><\/div><\/div><div class=\"vc_col-sm-2 wpb_column vc_column_container\"><div class=\"vc_column-inner\"><div class=\"wpb_wrapper\"><div class=\"wpb_text_column\"><div class=\"wpb_wrapper\"><h2>Contact<\/h2>\n<\/div><\/div><div class=\"wpb_text_column\"><div class=\"wpb_wrapper\"><p>T +49 211 863218-0<br \/>\nF +49 211 863218-18<br \/>\n<a href=\"mailto:mail@wurll-jasper.de\">mail@wurll-jasper.de<\/a><\/p>\n<\/div><\/div><\/div><\/div><\/div><div class=\"vc_col-sm-2 wpb_column vc_column_container\"><div class=\"vc_column-inner\"><div class=\"wpb_wrapper\"><div class=\"wpb_text_column\"><div class=\"wpb_wrapper\"><h2 style=\"text-align: left;\">Getting here<\/h2>\n<\/div><\/div><div class=\"wpb_text_column\"><div class=\"wpb_wrapper\"><p><a href=\"https:\/\/www.google.com\/maps\/d\/viewer?iwloc=0004b6b87a3f3d99af2e5&amp;msa=0&amp;mid=zQF9kPujqA1E.kM7qG_xId3gk\" target=\"_blank\" rel=\"noopener noreferrer\">Alexanderstra\u00dfe 21<br \/>\n40210 D\u00fcsseldorf<\/a><\/p>\n<\/div><\/div><\/div><\/div><\/div><div class=\"vc_col-sm-2 wpb_column vc_column_container\"><div class=\"vc_column-inner\"><div class=\"wpb_wrapper\"><div class=\"wpb_text_column\"><div class=\"wpb_wrapper\"><h2 style=\"text-align: left;\">Networks<\/h2>\n<\/div><\/div><div class=\"wpb_text_column\"><div class=\"wpb_wrapper\"><p><a href=\"https:\/\/www.facebook.com\/wurllplus\/\" target=\"_blank\" rel=\"noopener noreferrer\">facebook<\/a><\/p>\n<p><a href=\"https:\/\/www.xing.com\/companies\/wurll+kollegendiekanzleif\u00fcrarbeitsrecht\" target=\"_blank\" rel=\"noopener noreferrer\">Xing<\/a><\/p>\n<\/div><\/div><\/div><\/div><\/div><div class=\"vc_col-sm-2 wpb_column vc_column_container\"><div class=\"vc_column-inner\"><div class=\"wpb_wrapper\"><\/div><\/div><\/div><\/div><\/div><\/section>\n","protected":false},"excerpt":{"rendered":"Problemaufriss Wenn Arbeitnehmer k\u00fcndigen, kommt es immer mal wieder vor, dass sie sich gleichzeitig passgenau bis zum Ende des Arbeitsverh\u00e4ltnisses krankmelden. Die dann eingereichten Arbeitsunf\u00e4higkeitsbescheinigungen stehen h\u00e4ufig im Mittelpunkt gerichtlicher Auseinandersetzungen zwischen Arbeitnehmer und Arbeitgeber \u00fcber Entgeltfortzahlungsanspr\u00fcche im Krankheitsfall. Der Fall Die Arbeitnehmerin k\u00fcndigte ihr Arbeitsverh\u00e4ltnis am 08.02.2019 zum 22.02.2019 und legte der Arbeitgeberin eine...","protected":false},"author":1,"featured_media":0,"parent":0,"menu_order":0,"comment_status":"closed","ping_status":"open","template":"","meta":{"footnotes":""},"yoast_head":"<!-- This site is optimized with the Yoast SEO plugin v21.5 - https:\/\/yoast.com\/wordpress\/plugins\/seo\/ -->\n<title>home - Wurll Jasper + Kollegen<\/title>\n<meta name=\"robots\" content=\"index, follow, max-snippet:-1, max-image-preview:large, max-video-preview:-1\" \/>\n<link rel=\"canonical\" href=\"https:\/\/wurll-jasper.de\/en\/\" \/>\n<meta property=\"og:locale\" content=\"en_US\" \/>\n<meta property=\"og:type\" content=\"article\" \/>\n<meta property=\"og:title\" content=\"home - Wurll Jasper + Kollegen\" \/>\n<meta property=\"og:url\" content=\"https:\/\/wurll-jasper.de\/en\/\" \/>\n<meta property=\"og:site_name\" content=\"Wurll Jasper + Kollegen\" \/>\n<meta property=\"article:publisher\" content=\"https:\/\/www.facebook.com\/wurllplus\/\" \/>\n<meta property=\"article:modified_time\" content=\"2024-09-30T15:45:51+00:00\" \/>\n<meta property=\"og:image\" content=\"https:\/\/wurll-jasper.de\/wp-content\/uploads\/WurllJasper_Logo_188-x-110-px_01.png\" \/>\n\t<meta property=\"og:image:width\" content=\"197\" \/>\n\t<meta property=\"og:image:height\" content=\"110\" \/>\n\t<meta property=\"og:image:type\" content=\"image\/png\" \/>\n<meta name=\"twitter:card\" content=\"summary_large_image\" \/>\n<meta name=\"twitter:label1\" content=\"Est. reading time\" \/>\n\t<meta name=\"twitter:data1\" content=\"2 minutes\" \/>\n<script type=\"application\/ld+json\" class=\"yoast-schema-graph\">{\"@context\":\"https:\/\/schema.org\",\"@graph\":[{\"@type\":\"WebPage\",\"@id\":\"https:\/\/wurll-jasper.de\/en\/\",\"url\":\"https:\/\/wurll-jasper.de\/en\/\",\"name\":\"home - Wurll Jasper + Kollegen\",\"isPartOf\":{\"@id\":\"https:\/\/wurll-jasper.de\/#website\"},\"datePublished\":\"2014-11-24T16:17:58+00:00\",\"dateModified\":\"2024-09-30T15:45:51+00:00\",\"breadcrumb\":{\"@id\":\"https:\/\/wurll-jasper.de\/en\/#breadcrumb\"},\"inLanguage\":\"en-US\",\"potentialAction\":[{\"@type\":\"ReadAction\",\"target\":[\"https:\/\/wurll-jasper.de\/en\/\"]}]},{\"@type\":\"BreadcrumbList\",\"@id\":\"https:\/\/wurll-jasper.de\/en\/#breadcrumb\",\"itemListElement\":[{\"@type\":\"ListItem\",\"position\":1,\"name\":\"Startseite\",\"item\":\"https:\/\/wurll-jasper.de\/en\/\"},{\"@type\":\"ListItem\",\"position\":2,\"name\":\"home\"}]},{\"@type\":\"WebSite\",\"@id\":\"https:\/\/wurll-jasper.de\/#website\",\"url\":\"https:\/\/wurll-jasper.de\/\",\"name\":\"Wurll Jasper + Kollegen\",\"description\":\"Die Kanzlei f\u00fcr Arbeitsrecht\",\"publisher\":{\"@id\":\"https:\/\/wurll-jasper.de\/#organization\"},\"potentialAction\":[{\"@type\":\"SearchAction\",\"target\":{\"@type\":\"EntryPoint\",\"urlTemplate\":\"https:\/\/wurll-jasper.de\/?s={search_term_string}\"},\"query-input\":\"required name=search_term_string\"}],\"inLanguage\":\"en-US\"},{\"@type\":\"Organization\",\"@id\":\"https:\/\/wurll-jasper.de\/#organization\",\"name\":\"Wurll Jasper + Kollegen\",\"url\":\"https:\/\/wurll-jasper.de\/\",\"logo\":{\"@type\":\"ImageObject\",\"inLanguage\":\"en-US\",\"@id\":\"https:\/\/wurll-jasper.de\/#\/schema\/logo\/image\/\",\"url\":\"https:\/\/wurll-jasper.de\/wp-content\/uploads\/Wurll_Logo_188-x-110-px_01.png\",\"contentUrl\":\"https:\/\/wurll-jasper.de\/wp-content\/uploads\/Wurll_Logo_188-x-110-px_01.png\",\"width\":188,\"height\":110,\"caption\":\"Wurll Jasper + Kollegen\"},\"image\":{\"@id\":\"https:\/\/wurll-jasper.de\/#\/schema\/logo\/image\/\"},\"sameAs\":[\"https:\/\/www.facebook.com\/wurllplus\/\",\"https:\/\/www.xing.com\/companies\/wurll+kollegendiekanzleifrarbeitsrecht\"]}]}<\/script>\n<!-- \/ Yoast SEO plugin. -->","yoast_head_json":{"title":"home - Wurll Jasper + Kollegen","robots":{"index":"index","follow":"follow","max-snippet":"max-snippet:-1","max-image-preview":"max-image-preview:large","max-video-preview":"max-video-preview:-1"},"canonical":"https:\/\/wurll-jasper.de\/en\/","og_locale":"en_US","og_type":"article","og_title":"home - Wurll Jasper + Kollegen","og_url":"https:\/\/wurll-jasper.de\/en\/","og_site_name":"Wurll Jasper + Kollegen","article_publisher":"https:\/\/www.facebook.com\/wurllplus\/","article_modified_time":"2024-09-30T15:45:51+00:00","og_image":[{"width":197,"height":110,"url":"https:\/\/wurll-jasper.de\/wp-content\/uploads\/WurllJasper_Logo_188-x-110-px_01.png","type":"image\/png"}],"twitter_card":"summary_large_image","twitter_misc":{"Est. reading time":"2 minutes"},"schema":{"@context":"https:\/\/schema.org","@graph":[{"@type":"WebPage","@id":"https:\/\/wurll-jasper.de\/en\/","url":"https:\/\/wurll-jasper.de\/en\/","name":"home - Wurll Jasper + Kollegen","isPartOf":{"@id":"https:\/\/wurll-jasper.de\/#website"},"datePublished":"2014-11-24T16:17:58+00:00","dateModified":"2024-09-30T15:45:51+00:00","breadcrumb":{"@id":"https:\/\/wurll-jasper.de\/en\/#breadcrumb"},"inLanguage":"en-US","potentialAction":[{"@type":"ReadAction","target":["https:\/\/wurll-jasper.de\/en\/"]}]},{"@type":"BreadcrumbList","@id":"https:\/\/wurll-jasper.de\/en\/#breadcrumb","itemListElement":[{"@type":"ListItem","position":1,"name":"Startseite","item":"https:\/\/wurll-jasper.de\/en\/"},{"@type":"ListItem","position":2,"name":"home"}]},{"@type":"WebSite","@id":"https:\/\/wurll-jasper.de\/#website","url":"https:\/\/wurll-jasper.de\/","name":"Wurll Jasper + Kollegen","description":"Die Kanzlei f\u00fcr Arbeitsrecht","publisher":{"@id":"https:\/\/wurll-jasper.de\/#organization"},"potentialAction":[{"@type":"SearchAction","target":{"@type":"EntryPoint","urlTemplate":"https:\/\/wurll-jasper.de\/?s={search_term_string}"},"query-input":"required name=search_term_string"}],"inLanguage":"en-US"},{"@type":"Organization","@id":"https:\/\/wurll-jasper.de\/#organization","name":"Wurll Jasper + Kollegen","url":"https:\/\/wurll-jasper.de\/","logo":{"@type":"ImageObject","inLanguage":"en-US","@id":"https:\/\/wurll-jasper.de\/#\/schema\/logo\/image\/","url":"https:\/\/wurll-jasper.de\/wp-content\/uploads\/Wurll_Logo_188-x-110-px_01.png","contentUrl":"https:\/\/wurll-jasper.de\/wp-content\/uploads\/Wurll_Logo_188-x-110-px_01.png","width":188,"height":110,"caption":"Wurll Jasper + Kollegen"},"image":{"@id":"https:\/\/wurll-jasper.de\/#\/schema\/logo\/image\/"},"sameAs":["https:\/\/www.facebook.com\/wurllplus\/","https:\/\/www.xing.com\/companies\/wurll+kollegendiekanzleifrarbeitsrecht"]}]}},"_links":{"self":[{"href":"https:\/\/wurll-jasper.de\/en\/wp-json\/wp\/v2\/pages\/1618"}],"collection":[{"href":"https:\/\/wurll-jasper.de\/en\/wp-json\/wp\/v2\/pages"}],"about":[{"href":"https:\/\/wurll-jasper.de\/en\/wp-json\/wp\/v2\/types\/page"}],"author":[{"embeddable":true,"href":"https:\/\/wurll-jasper.de\/en\/wp-json\/wp\/v2\/users\/1"}],"replies":[{"embeddable":true,"href":"https:\/\/wurll-jasper.de\/en\/wp-json\/wp\/v2\/comments?post=1618"}],"version-history":[{"count":51,"href":"https:\/\/wurll-jasper.de\/en\/wp-json\/wp\/v2\/pages\/1618\/revisions"}],"predecessor-version":[{"id":1734,"href":"https:\/\/wurll-jasper.de\/en\/wp-json\/wp\/v2\/pages\/1618\/revisions\/1734"}],"wp:attachment":[{"href":"https:\/\/wurll-jasper.de\/en\/wp-json\/wp\/v2\/media?parent=1618"}],"curies":[{"name":"wp","href":"https:\/\/api.w.org\/{rel}","templated":true}]}}