{"id":1636,"date":"2014-11-24T16:36:10","date_gmt":"2014-11-24T15:36:10","guid":{"rendered":"http:\/\/wurllplus.xa\/home\/career\/"},"modified":"2021-02-16T20:38:37","modified_gmt":"2021-02-16T19:38:37","slug":"career","status":"publish","type":"page","link":"https:\/\/wurll-jasper.de\/en\/home\/career\/","title":{"rendered":"Career"},"content":{"rendered":"<section class=\"l-section wpb_row height_medium\"><div class=\"l-section-h i-cf\"><div class=\"g-cols vc_row via_flex valign_top type_default stacking_default\"><div class=\"vc_col-sm-12 wpb_column vc_column_container\"><div class=\"vc_column-inner\"><div class=\"wpb_wrapper\"><div class=\"g-cols wpb_row via_flex valign_top type_default stacking_default\"><div class=\"vc_col-sm-2 wpb_column vc_column_container\"><div class=\"vc_column-inner\"><div class=\"wpb_wrapper\"><div class=\"w-separator size_custom\" style=\"height:32px\"><\/div><\/div><\/div><\/div><div class=\"vc_col-sm-8 wpb_column vc_column_container\"><div class=\"vc_column-inner\"><div class=\"wpb_wrapper\"><div class=\"wpb_text_column\"><div class=\"wpb_wrapper\"><h3><span style=\"color: #ff7007;\">Engagierte, kluge K\u00f6pfe sind immer willkommen\u00a0<\/span><\/h3>\n<\/div><\/div><div class=\"w-separator size_custom\" style=\"height:10px\"><\/div><\/div><\/div><\/div><div class=\"vc_col-sm-2 wpb_column vc_column_container\"><div class=\"vc_column-inner\"><div class=\"wpb_wrapper\"><\/div><\/div><\/div><\/div><div class=\"g-cols wpb_row via_flex valign_top type_default stacking_default\"><div class=\"vc_col-sm-2 wpb_column vc_column_container\"><div class=\"vc_column-inner\"><div class=\"wpb_wrapper\"><div class=\"w-separator size_custom\" style=\"height:32px\"><\/div><\/div><\/div><\/div><div class=\"vc_col-sm-8 wpb_column vc_column_container\"><div class=\"vc_column-inner\"><div class=\"wpb_wrapper\"><div class=\"w-grid type_grid layout_portfolio_2 cols_4 ratio_1x1\" id=\"us_grid_1\" data-filterable=\"true\"><style>@media (max-width:1280px){#us_grid_1 .w-grid-item{width:33.3333%}#us_grid_1 .w-grid-item.size_2x1,#us_grid_1 .w-grid-item.size_2x2{width:66.6667%}}@media (max-width:1024px){#us_grid_1 .w-grid-item{width:50%}#us_grid_1 .w-grid-item.size_2x1,#us_grid_1 .w-grid-item.size_2x2{width:100%}}@media (max-width:600px){#us_grid_1 .w-grid-list{margin:0}#us_grid_1 .w-grid-item{width:100%;padding:0;margin-bottom:var(--gap,0px)}}.layout_portfolio_2 .w-grid-item-h:before{padding-bottom:100%}@media (min-width:601px){.layout_portfolio_2 .w-grid-item.size_1x2 .w-grid-item-h:before{padding-bottom:calc(200% + var(--gap,0px) * 2)}.layout_portfolio_2 .w-grid-item.size_2x1 .w-grid-item-h:before{padding-bottom:calc(50% - var(--gap,0px) * 1)}.layout_portfolio_2 .w-grid-item.size_2x2 .w-grid-item-h:before{padding-bottom:calc(100% - var(--gap,0px) * 0)}}.layout_portfolio_2 .w-grid-item-h{background:#333}.layout_portfolio_2 .usg_post_image_1{transition-duration:0.35s;transform-origin:50% 50%;transform:scale(1) translate(0%,0%)}.layout_portfolio_2 .w-grid-item-h:hover .usg_post_image_1{transform:scale(1.1) translate(0%,0%);opacity:0.1}.layout_portfolio_2 .usg_post_image_1{position:absolute!important;top:0!important;right:0!important;bottom:0!important;left:0!important}.layout_portfolio_2 .usg_vwrapper_1{position:absolute!important;right:0!important;bottom:0!important;left:0!important;background:linear-gradient(transparent,rgba(30,30,30,0.8))!important;padding:4rem 2rem 1.5rem 2rem!important}.layout_portfolio_2 .usg_post_title_1{color:#fff!important;font-size:1.2rem!important}.layout_portfolio_2 .usg_post_taxonomy_1{color:#fff!important;font-size:0.9rem!important}<\/style><div class=\"w-grid-list\">\t<article class=\"w-grid-item size_1x1 custom-link post-1663 us_portfolio type-us_portfolio status-publish has-post-thumbnail hentry us_portfolio_category-career\" data-id=\"1663\">\r\n\t\t<div class=\"w-grid-item-h\">\r\n\t\t\t\t\t\t\t<a href=\"#Anwaelte\" class=\"w-grid-item-anchor\" aria-label=\"Lawyer\"><\/a>\r\n\t\t\t\t\t\t<div class=\"w-post-elm post_image usg_post_image_1 stretched\"><img loading=\"lazy\" decoding=\"async\" width=\"600\" height=\"600\" src=\"https:\/\/wurll-jasper.de\/wp-content\/uploads\/Wurll_Karriere_Kreis_EN_Lawyers_01-600x600.png\" class=\"attachment-us_600_600_crop size-us_600_600_crop wp-post-image\" alt=\"\" srcset=\"https:\/\/wurll-jasper.de\/wp-content\/uploads\/Wurll_Karriere_Kreis_EN_Lawyers_01-600x600.png 600w, https:\/\/wurll-jasper.de\/wp-content\/uploads\/Wurll_Karriere_Kreis_EN_Lawyers_01-150x150.png 150w, https:\/\/wurll-jasper.de\/wp-content\/uploads\/Wurll_Karriere_Kreis_EN_Lawyers_01-300x300.png 300w, https:\/\/wurll-jasper.de\/wp-content\/uploads\/Wurll_Karriere_Kreis_EN_Lawyers_01-768x768.png 768w, https:\/\/wurll-jasper.de\/wp-content\/uploads\/Wurll_Karriere_Kreis_EN_Lawyers_01-1024x1024.png 1024w, https:\/\/wurll-jasper.de\/wp-content\/uploads\/Wurll_Karriere_Kreis_EN_Lawyers_01-350x350.png 350w\" sizes=\"(max-width: 600px) 100vw, 600px\" \/><\/div><div class=\"w-vwrapper usg_vwrapper_1 align_none valign_top\"><h2 class=\"w-post-elm post_title usg_post_title_1 has_text_color entry-title color_link_inherit\">Lawyer<\/h2><div class=\"w-post-elm post_taxonomy usg_post_taxonomy_1 has_text_color style_simple color_link_inherit\"><a class=\"term-21 term-career\" href=\"https:\/\/wurll-jasper.de\/en\/portfolio_category\/career\/\">Careers<\/a><\/div><\/div>\t\t<\/div>\r\n\t<\/article>\r\n\t<article class=\"w-grid-item size_1x1 custom-link post-1693 us_portfolio type-us_portfolio status-publish has-post-thumbnail hentry us_portfolio_category-career\" data-id=\"1693\">\r\n\t\t<div class=\"w-grid-item-h\">\r\n\t\t\t\t\t\t\t<a href=\"#Referendare\" class=\"w-grid-item-anchor\" aria-label=\"Referendare\"><\/a>\r\n\t\t\t\t\t\t<div class=\"w-post-elm post_image usg_post_image_1 stretched\"><img loading=\"lazy\" decoding=\"async\" width=\"600\" height=\"600\" src=\"https:\/\/wurll-jasper.de\/wp-content\/uploads\/Wurll_Karriere_Kreis_EN_Trainees_01-600x600.png\" class=\"attachment-us_600_600_crop size-us_600_600_crop wp-post-image\" alt=\"\" srcset=\"https:\/\/wurll-jasper.de\/wp-content\/uploads\/Wurll_Karriere_Kreis_EN_Trainees_01-600x600.png 600w, https:\/\/wurll-jasper.de\/wp-content\/uploads\/Wurll_Karriere_Kreis_EN_Trainees_01-150x150.png 150w, https:\/\/wurll-jasper.de\/wp-content\/uploads\/Wurll_Karriere_Kreis_EN_Trainees_01-300x300.png 300w, https:\/\/wurll-jasper.de\/wp-content\/uploads\/Wurll_Karriere_Kreis_EN_Trainees_01-768x768.png 768w, https:\/\/wurll-jasper.de\/wp-content\/uploads\/Wurll_Karriere_Kreis_EN_Trainees_01-1024x1024.png 1024w, https:\/\/wurll-jasper.de\/wp-content\/uploads\/Wurll_Karriere_Kreis_EN_Trainees_01-350x350.png 350w\" sizes=\"(max-width: 600px) 100vw, 600px\" \/><\/div><div class=\"w-vwrapper usg_vwrapper_1 align_none valign_top\"><h2 class=\"w-post-elm post_title usg_post_title_1 has_text_color entry-title color_link_inherit\">Referendare<\/h2><div class=\"w-post-elm post_taxonomy usg_post_taxonomy_1 has_text_color style_simple color_link_inherit\"><a class=\"term-21 term-career\" href=\"https:\/\/wurll-jasper.de\/en\/portfolio_category\/career\/\">Careers<\/a><\/div><\/div>\t\t<\/div>\r\n\t<\/article>\r\n\t<article class=\"w-grid-item size_1x1 custom-link post-1695 us_portfolio type-us_portfolio status-publish has-post-thumbnail hentry us_portfolio_category-career\" data-id=\"1695\">\r\n\t\t<div class=\"w-grid-item-h\">\r\n\t\t\t\t\t\t\t<a href=\"#Team\" class=\"w-grid-item-anchor\" aria-label=\"Team\"><\/a>\r\n\t\t\t\t\t\t<div class=\"w-post-elm post_image usg_post_image_1 stretched\"><img loading=\"lazy\" decoding=\"async\" width=\"600\" height=\"600\" src=\"https:\/\/wurll-jasper.de\/wp-content\/uploads\/Wurll_Kreis_Team_01b.png\" class=\"attachment-us_600_600_crop size-us_600_600_crop wp-post-image\" alt=\"\" srcset=\"https:\/\/wurll-jasper.de\/wp-content\/uploads\/Wurll_Kreis_Team_01b.png 2717w, https:\/\/wurll-jasper.de\/wp-content\/uploads\/Wurll_Kreis_Team_01b-150x150.png 150w, https:\/\/wurll-jasper.de\/wp-content\/uploads\/Wurll_Kreis_Team_01b-300x300.png 300w, https:\/\/wurll-jasper.de\/wp-content\/uploads\/Wurll_Kreis_Team_01b-1024x1024.png 1024w, https:\/\/wurll-jasper.de\/wp-content\/uploads\/Wurll_Kreis_Team_01b-600x600.png 600w, https:\/\/wurll-jasper.de\/wp-content\/uploads\/Wurll_Kreis_Team_01b-350x350.png 350w, https:\/\/wurll-jasper.de\/wp-content\/uploads\/Wurll_Kreis_Team_01b-199x200.png 199w\" sizes=\"(max-width: 600px) 100vw, 600px\" \/><\/div><div class=\"w-vwrapper usg_vwrapper_1 align_none valign_top\"><h2 class=\"w-post-elm post_title usg_post_title_1 has_text_color entry-title color_link_inherit\">Team<\/h2><div class=\"w-post-elm post_taxonomy usg_post_taxonomy_1 has_text_color style_simple color_link_inherit\"><a class=\"term-21 term-career\" href=\"https:\/\/wurll-jasper.de\/en\/portfolio_category\/career\/\">Careers<\/a><\/div><\/div>\t\t<\/div>\r\n\t<\/article>\r\n<\/div><div class=\"w-grid-preloader\">\t<div class=\"g-preloader type_1\">\r\n\t\t<div><\/div>\r\n\t<\/div>\r\n\t<\/div>\t<div class=\"w-grid-json hidden\" onclick='return {&quot;action&quot;:&quot;us_ajax_grid&quot;,&quot;ajax_url&quot;:&quot;https:\\\/\\\/wurll-jasper.de\\\/wp-admin\\\/admin-ajax.php&quot;,&quot;infinite_scroll&quot;:0,&quot;max_num_pages&quot;:1,&quot;pagination&quot;:&quot;none&quot;,&quot;template_vars&quot;:{&quot;columns&quot;:&quot;4&quot;,&quot;exclude_items&quot;:&quot;none&quot;,&quot;img_size&quot;:&quot;us_600_600_crop&quot;,&quot;ignore_items_size&quot;:0,&quot;items_layout&quot;:&quot;portfolio_2&quot;,&quot;items_offset&quot;:&quot;1&quot;,&quot;load_animation&quot;:&quot;none&quot;,&quot;overriding_link&quot;:&quot;%7B%22type%22%3A%22post%22%7D&quot;,&quot;post_id&quot;:0,&quot;query_args&quot;:{&quot;post_type&quot;:[&quot;us_portfolio&quot;],&quot;tax_query&quot;:[{&quot;taxonomy&quot;:&quot;us_portfolio_category&quot;,&quot;field&quot;:&quot;slug&quot;,&quot;terms&quot;:[&quot;karriere&quot;,&quot;career&quot;]}],&quot;post_status&quot;:[&quot;publish&quot;],&quot;posts_per_page&quot;:&quot;3&quot;},&quot;orderby_query_args&quot;:{&quot;orderby&quot;:{&quot;date&quot;:&quot;DESC&quot;}},&quot;type&quot;:&quot;grid&quot;,&quot;us_grid_ajax_index&quot;:1,&quot;us_grid_filter_params&quot;:[],&quot;us_grid_index&quot;:1,&quot;_us_grid_post_type&quot;:&quot;us_portfolio&quot;,&quot;page_args&quot;:[],&quot;lang&quot;:&quot;en&quot;}}'><\/div>\r\n\t<\/div><\/div><\/div><\/div><div class=\"vc_col-sm-2 wpb_column vc_column_container\"><div class=\"vc_column-inner\"><div class=\"wpb_wrapper\"><\/div><\/div><\/div><\/div><\/div><\/div><\/div><\/div><\/div><\/section><section class=\"l-section wpb_row height_medium\" id=\"Anwaelte\"><div class=\"l-section-h i-cf\"><div class=\"g-cols vc_row via_flex valign_top type_default stacking_default\"><div class=\"vc_col-sm-2 wpb_column vc_column_container\"><div class=\"vc_column-inner\"><div class=\"wpb_wrapper\"><div class=\"w-separator size_custom\" style=\"height:32px\"><\/div><\/div><\/div><\/div><div class=\"vc_col-sm-8 wpb_column vc_column_container\"><div class=\"vc_column-inner\"><div class=\"wpb_wrapper\"><div class=\"w-separator size_custom\" style=\"height:10px\"><\/div><div class=\"wpb_text_column\"><div class=\"wpb_wrapper\"><h3><span style=\"color: #ff7007;\">Rechtsanwalt (m\/w\/d) f\u00fcr den Bereich Arbeitsrecht<\/span><\/h3>\n<p>Derzeit sind wir nicht aktiv auf der Suche. Initiativbewerbungen sind dennoch jederzeit willkommen und k\u00f6nnen an <a href=\"mailto:bewerbung@wurll-jasper.de\">bewerbung@wurll-jasper.de<\/a> gerichtet werden.<\/p>\n<\/div><\/div><\/div><\/div><\/div><div class=\"vc_col-sm-2 wpb_column vc_column_container\"><div class=\"vc_column-inner\"><div class=\"wpb_wrapper\"><\/div><\/div><\/div><\/div><\/div><\/section><section class=\"l-section wpb_row height_medium\" id=\"Referendare\"><div class=\"l-section-h i-cf\"><div class=\"g-cols vc_row via_flex valign_top type_default stacking_default\"><div class=\"vc_col-sm-2 wpb_column vc_column_container\"><div class=\"vc_column-inner\"><div class=\"wpb_wrapper\"><div class=\"w-separator size_custom\" style=\"height:32px\"><\/div><\/div><\/div><\/div><div class=\"vc_col-sm-8 wpb_column vc_column_container\"><div class=\"vc_column-inner\"><div class=\"wpb_wrapper\"><div class=\"wpb_text_column\"><div class=\"wpb_wrapper\"><h3><span style=\"color: #ff7007;\">Referendare<br \/>\n<\/span><span style=\"color: #ff7007;\">Junge Talente sind herzlich willkommen<\/span><\/h3>\n<p>Die Kanzlei Wurll Jasper + Kollegen geh\u00f6rt zu den regional spezialisierten Arbeitsrechtskanzleien mit derzeit sieben Rechtsanw\u00e4lten. Wir freuen uns immer \u00fcber engagierte<\/p>\n<p style=\"text-align: center;\"><em>Rechtsreferendare (m\/w\/d),<\/em><\/p>\n<p>die bereits eine erste Neigung f\u00fcr das Arbeitsrecht entwickelt haben. Sie bekommen in den verschiedenen Ausbildungsstagen die M\u00f6glichkeit einer Mitarbeit in unserer Kanzlei, die Ihren Erfahrungen und Ihrem Ausbildungsstand entspricht. Und vielleicht wird ja sp\u00e4ter mehr daraus&#8230;<\/p>\n<p>Ihre aussagekr\u00e4ftigen Bewerbungsunterlagen schicken Sie bitte an <a href=\"mailto:bewerbung@wurll-jasper.de\">bewerbung@wurll-jasper.de<\/a>.<\/p>\n<p>Sollten Sie uns schriftliche Bewerbungsunterlagen zukommen lassen, m\u00f6chten wir darauf hinweisen, dass Ihre Bewerbung selbstverst\u00e4ndlich ber\u00fccksichtigt wird, die Unterlagen aber aus organisatorischen Gr\u00fcnden nicht zur\u00fcckgeschickt werden k\u00f6nnen.<\/p>\n<\/div><\/div><\/div><\/div><\/div><div class=\"vc_col-sm-2 wpb_column vc_column_container\"><div class=\"vc_column-inner\"><div class=\"wpb_wrapper\"><\/div><\/div><\/div><\/div><\/div><\/section><section class=\"l-section wpb_row height_medium\" id=\"Team\"><div class=\"l-section-h i-cf\"><div class=\"g-cols vc_row via_flex valign_top type_default stacking_default\"><div class=\"vc_col-sm-2 wpb_column vc_column_container\"><div class=\"vc_column-inner\"><div class=\"wpb_wrapper\"><div class=\"w-separator size_custom\" style=\"height:32px\"><\/div><\/div><\/div><\/div><div class=\"vc_col-sm-8 wpb_column vc_column_container\"><div class=\"vc_column-inner\"><div class=\"wpb_wrapper\"><div class=\"wpb_text_column\"><div class=\"wpb_wrapper\"><\/div><\/div><div class=\"w-separator size_custom\" style=\"height:10px\"><\/div><div class=\"w-image align_none\"><div class=\"w-image-h\"><img loading=\"lazy\" decoding=\"async\" width=\"800\" height=\"336\" src=\"https:\/\/wurll-jasper.de\/wp-content\/uploads\/JRolfes.Wurll181114.0065ret6.jpg\" class=\"attachment-full size-full\" alt=\"\" srcset=\"https:\/\/wurll-jasper.de\/wp-content\/uploads\/JRolfes.Wurll181114.0065ret6.jpg 800w, https:\/\/wurll-jasper.de\/wp-content\/uploads\/JRolfes.Wurll181114.0065ret6-300x126.jpg 300w, https:\/\/wurll-jasper.de\/wp-content\/uploads\/JRolfes.Wurll181114.0065ret6-600x252.jpg 600w, https:\/\/wurll-jasper.de\/wp-content\/uploads\/JRolfes.Wurll181114.0065ret6-150x63.jpg 150w\" sizes=\"(max-width: 800px) 100vw, 800px\" \/><\/div><\/div><div class=\"w-separator size_custom\" style=\"height:10px\"><\/div><\/div><\/div><\/div><div class=\"vc_col-sm-2 wpb_column vc_column_container\"><div class=\"vc_column-inner\"><div class=\"wpb_wrapper\"><\/div><\/div><\/div><\/div><\/div><\/section>\n","protected":false},"excerpt":{"rendered":"","protected":false},"author":1,"featured_media":0,"parent":1618,"menu_order":0,"comment_status":"closed","ping_status":"open","template":"","meta":{"footnotes":""},"yoast_head":"<!-- This site is optimized with the Yoast SEO plugin v21.5 - https:\/\/yoast.com\/wordpress\/plugins\/seo\/ -->\n<title>Career - Wurll Jasper + Kollegen<\/title>\n<meta name=\"robots\" content=\"index, follow, max-snippet:-1, max-image-preview:large, max-video-preview:-1\" \/>\n<link rel=\"canonical\" href=\"https:\/\/wurll-jasper.de\/en\/home\/career\/\" \/>\n<meta property=\"og:locale\" content=\"en_US\" \/>\n<meta property=\"og:type\" content=\"article\" \/>\n<meta property=\"og:title\" content=\"Career - Wurll Jasper + Kollegen\" \/>\n<meta property=\"og:url\" content=\"https:\/\/wurll-jasper.de\/en\/home\/career\/\" \/>\n<meta property=\"og:site_name\" content=\"Wurll Jasper + Kollegen\" \/>\n<meta property=\"article:publisher\" content=\"https:\/\/www.facebook.com\/wurllplus\/\" \/>\n<meta property=\"article:modified_time\" content=\"2021-02-16T19:38:37+00:00\" \/>\n<meta property=\"og:image\" content=\"https:\/\/wurll-jasper.de\/wp-content\/uploads\/WurllJasper_Logo_188-x-110-px_01.png\" \/>\n\t<meta property=\"og:image:width\" content=\"197\" \/>\n\t<meta property=\"og:image:height\" content=\"110\" \/>\n\t<meta property=\"og:image:type\" content=\"image\/png\" \/>\n<meta name=\"twitter:card\" content=\"summary_large_image\" \/>\n<meta name=\"twitter:label1\" content=\"Est. reading time\" \/>\n\t<meta name=\"twitter:data1\" content=\"2 minutes\" \/>\n<script type=\"application\/ld+json\" class=\"yoast-schema-graph\">{\"@context\":\"https:\/\/schema.org\",\"@graph\":[{\"@type\":\"WebPage\",\"@id\":\"https:\/\/wurll-jasper.de\/en\/home\/career\/\",\"url\":\"https:\/\/wurll-jasper.de\/en\/home\/career\/\",\"name\":\"Career - Wurll Jasper + Kollegen\",\"isPartOf\":{\"@id\":\"https:\/\/wurll-jasper.de\/#website\"},\"datePublished\":\"2014-11-24T15:36:10+00:00\",\"dateModified\":\"2021-02-16T19:38:37+00:00\",\"breadcrumb\":{\"@id\":\"https:\/\/wurll-jasper.de\/en\/home\/career\/#breadcrumb\"},\"inLanguage\":\"en-US\",\"potentialAction\":[{\"@type\":\"ReadAction\",\"target\":[\"https:\/\/wurll-jasper.de\/en\/home\/career\/\"]}]},{\"@type\":\"BreadcrumbList\",\"@id\":\"https:\/\/wurll-jasper.de\/en\/home\/career\/#breadcrumb\",\"itemListElement\":[{\"@type\":\"ListItem\",\"position\":1,\"name\":\"Startseite\",\"item\":\"https:\/\/wurll-jasper.de\/en\/\"},{\"@type\":\"ListItem\",\"position\":2,\"name\":\"home\",\"item\":\"https:\/\/wurll-jasper.de\/en\/\"},{\"@type\":\"ListItem\",\"position\":3,\"name\":\"Career\"}]},{\"@type\":\"WebSite\",\"@id\":\"https:\/\/wurll-jasper.de\/#website\",\"url\":\"https:\/\/wurll-jasper.de\/\",\"name\":\"Wurll Jasper + Kollegen\",\"description\":\"Die Kanzlei f\u00fcr Arbeitsrecht\",\"publisher\":{\"@id\":\"https:\/\/wurll-jasper.de\/#organization\"},\"potentialAction\":[{\"@type\":\"SearchAction\",\"target\":{\"@type\":\"EntryPoint\",\"urlTemplate\":\"https:\/\/wurll-jasper.de\/?s={search_term_string}\"},\"query-input\":\"required name=search_term_string\"}],\"inLanguage\":\"en-US\"},{\"@type\":\"Organization\",\"@id\":\"https:\/\/wurll-jasper.de\/#organization\",\"name\":\"Wurll Jasper + Kollegen\",\"url\":\"https:\/\/wurll-jasper.de\/\",\"logo\":{\"@type\":\"ImageObject\",\"inLanguage\":\"en-US\",\"@id\":\"https:\/\/wurll-jasper.de\/#\/schema\/logo\/image\/\",\"url\":\"https:\/\/wurll-jasper.de\/wp-content\/uploads\/Wurll_Logo_188-x-110-px_01.png\",\"contentUrl\":\"https:\/\/wurll-jasper.de\/wp-content\/uploads\/Wurll_Logo_188-x-110-px_01.png\",\"width\":188,\"height\":110,\"caption\":\"Wurll Jasper + Kollegen\"},\"image\":{\"@id\":\"https:\/\/wurll-jasper.de\/#\/schema\/logo\/image\/\"},\"sameAs\":[\"https:\/\/www.facebook.com\/wurllplus\/\",\"https:\/\/www.xing.com\/companies\/wurll+kollegendiekanzleifrarbeitsrecht\"]}]}<\/script>\n<!-- \/ Yoast SEO plugin. -->","yoast_head_json":{"title":"Career - Wurll Jasper + Kollegen","robots":{"index":"index","follow":"follow","max-snippet":"max-snippet:-1","max-image-preview":"max-image-preview:large","max-video-preview":"max-video-preview:-1"},"canonical":"https:\/\/wurll-jasper.de\/en\/home\/career\/","og_locale":"en_US","og_type":"article","og_title":"Career - Wurll Jasper + Kollegen","og_url":"https:\/\/wurll-jasper.de\/en\/home\/career\/","og_site_name":"Wurll Jasper + Kollegen","article_publisher":"https:\/\/www.facebook.com\/wurllplus\/","article_modified_time":"2021-02-16T19:38:37+00:00","og_image":[{"width":197,"height":110,"url":"https:\/\/wurll-jasper.de\/wp-content\/uploads\/WurllJasper_Logo_188-x-110-px_01.png","type":"image\/png"}],"twitter_card":"summary_large_image","twitter_misc":{"Est. reading time":"2 minutes"},"schema":{"@context":"https:\/\/schema.org","@graph":[{"@type":"WebPage","@id":"https:\/\/wurll-jasper.de\/en\/home\/career\/","url":"https:\/\/wurll-jasper.de\/en\/home\/career\/","name":"Career - Wurll Jasper + Kollegen","isPartOf":{"@id":"https:\/\/wurll-jasper.de\/#website"},"datePublished":"2014-11-24T15:36:10+00:00","dateModified":"2021-02-16T19:38:37+00:00","breadcrumb":{"@id":"https:\/\/wurll-jasper.de\/en\/home\/career\/#breadcrumb"},"inLanguage":"en-US","potentialAction":[{"@type":"ReadAction","target":["https:\/\/wurll-jasper.de\/en\/home\/career\/"]}]},{"@type":"BreadcrumbList","@id":"https:\/\/wurll-jasper.de\/en\/home\/career\/#breadcrumb","itemListElement":[{"@type":"ListItem","position":1,"name":"Startseite","item":"https:\/\/wurll-jasper.de\/en\/"},{"@type":"ListItem","position":2,"name":"home","item":"https:\/\/wurll-jasper.de\/en\/"},{"@type":"ListItem","position":3,"name":"Career"}]},{"@type":"WebSite","@id":"https:\/\/wurll-jasper.de\/#website","url":"https:\/\/wurll-jasper.de\/","name":"Wurll Jasper + Kollegen","description":"Die Kanzlei f\u00fcr Arbeitsrecht","publisher":{"@id":"https:\/\/wurll-jasper.de\/#organization"},"potentialAction":[{"@type":"SearchAction","target":{"@type":"EntryPoint","urlTemplate":"https:\/\/wurll-jasper.de\/?s={search_term_string}"},"query-input":"required name=search_term_string"}],"inLanguage":"en-US"},{"@type":"Organization","@id":"https:\/\/wurll-jasper.de\/#organization","name":"Wurll Jasper + Kollegen","url":"https:\/\/wurll-jasper.de\/","logo":{"@type":"ImageObject","inLanguage":"en-US","@id":"https:\/\/wurll-jasper.de\/#\/schema\/logo\/image\/","url":"https:\/\/wurll-jasper.de\/wp-content\/uploads\/Wurll_Logo_188-x-110-px_01.png","contentUrl":"https:\/\/wurll-jasper.de\/wp-content\/uploads\/Wurll_Logo_188-x-110-px_01.png","width":188,"height":110,"caption":"Wurll Jasper + Kollegen"},"image":{"@id":"https:\/\/wurll-jasper.de\/#\/schema\/logo\/image\/"},"sameAs":["https:\/\/www.facebook.com\/wurllplus\/","https:\/\/www.xing.com\/companies\/wurll+kollegendiekanzleifrarbeitsrecht"]}]}},"_links":{"self":[{"href":"https:\/\/wurll-jasper.de\/en\/wp-json\/wp\/v2\/pages\/1636"}],"collection":[{"href":"https:\/\/wurll-jasper.de\/en\/wp-json\/wp\/v2\/pages"}],"about":[{"href":"https:\/\/wurll-jasper.de\/en\/wp-json\/wp\/v2\/types\/page"}],"author":[{"embeddable":true,"href":"https:\/\/wurll-jasper.de\/en\/wp-json\/wp\/v2\/users\/1"}],"replies":[{"embeddable":true,"href":"https:\/\/wurll-jasper.de\/en\/wp-json\/wp\/v2\/comments?post=1636"}],"version-history":[{"count":20,"href":"https:\/\/wurll-jasper.de\/en\/wp-json\/wp\/v2\/pages\/1636\/revisions"}],"predecessor-version":[{"id":2261,"href":"https:\/\/wurll-jasper.de\/en\/wp-json\/wp\/v2\/pages\/1636\/revisions\/2261"}],"up":[{"embeddable":true,"href":"https:\/\/wurll-jasper.de\/en\/wp-json\/wp\/v2\/pages\/1618"}],"wp:attachment":[{"href":"https:\/\/wurll-jasper.de\/en\/wp-json\/wp\/v2\/media?parent=1636"}],"curies":[{"name":"wp","href":"https:\/\/api.w.org\/{rel}","templated":true}]}}