{"id":1641,"date":"2014-11-27T12:30:39","date_gmt":"2014-11-27T11:30:39","guid":{"rendered":"http:\/\/wurllplus.xa\/imprint\/"},"modified":"2021-02-07T19:05:39","modified_gmt":"2021-02-07T18:05:39","slug":"imprint","status":"publish","type":"page","link":"https:\/\/wurll-jasper.de\/en\/imprint\/","title":{"rendered":"Imprint"},"content":{"rendered":"<section class=\"l-section wpb_row height_medium\"><div class=\"l-section-h i-cf\"><div class=\"g-cols vc_row via_flex valign_top type_default stacking_default\"><div class=\"vc_col-sm-8 wpb_column vc_column_container\"><div class=\"vc_column-inner\"><div class=\"wpb_wrapper\"><div class=\"wpb_text_column\"><div class=\"wpb_wrapper\"><h3>Legal information<\/h3>\n<p>The lawyers of the law firm Wurll Jasper + Kollegen (Guido Wurll, Raoul Jasper, Carolin Blank, Magdalena Krahwinkel, Alexandra Jasper, Olga Zahrabelnaya) are licensed lawyers in accordance with the law of the Federal Republic of Germany and are members of the Rechtsanwaltskammer D\u00fcsseldorf [D\u00fcsseldorf Bar Association].<\/p>\n<p>Rechtsanwaltskammer D\u00fcsseldorf<br \/>\nFreiligrathstra\u00dfe 25<br \/>\n40479 D\u00fcsseldorf<br \/>\nT +49 211-49 50 2-0<br \/>\ninfo@rechtsanwaltskammer-duesseldorf.de<br \/>\nwww.rechtsanwaltskammer-duesseldorf.de<\/p>\n<p>which also acts as the competent supervisory authority.<\/p>\n<p>The following professional and fee regulations apply:<br \/>\nBRAO (Bundesrechtsanwaltsordnung)<br \/>\nBORA (Berufsordnung f\u00fcr Rechtsanw\u00e4lte)<br \/>\nFachanwaltsordnung<br \/>\nRVG (Rechtsanwaltsverg\u00fctungsgesetz)<\/p>\n<p>The lawyers are insured with the following professional liability insurance providers:<br \/>\nN\u00fcrnberger Allgemeine Versicherungs-AG<br \/>\nAllianz Versicherungs-AG<\/p>\n<p>The insurance cover sum corresponds at least to the requirements of Section 51a BRAO.<\/p>\n<p>(No insurance cover for consultancy and activities pertaining to non-European law or for legal representation before non-European courts.)<\/p>\n<p>The registered office of the law firm is<br \/>\nAlexanderstra\u00dfe 21<br \/>\n40210 D\u00fcsseldorf<br \/>\nT +49 211-86 32 18-0<br \/>\nF\u00a0+49 211-86 32 18-18<\/p>\n<p>VAT identification number: DE215640112<\/p>\n<p>Wurll Jasper + Kollegen GbR consists of the following lawyers authorised to represent the firm: Guido Wurll and Raoul Jasper<\/p>\n<p>Responsible lawyers pursuant to the TDG:<br \/>\nGuido Wurll and Raoul Jasper (T +49 211-86 32 18-0)<\/p>\n<p>In the case of disputes between lawyers and their clients, the option of out-of-court arbitration with the responsible Rechtsanwaltskammer D\u00fcsseldorf [D\u00fcsseldorf Bar Association] (pursuant to section 73 (2), Nr. 3 and (5) BRAO) or (pursuant to \u00a7 191f BRAO) at the \u2028Schlichtungsstelle der Rechtsanwaltschaft bei der Bundesrechtsanwaltskammer [Arbitration Board of the Federal Bar Association]<br \/>\nNeue Gr\u00fcnstra\u00dfe 17\/18<br \/>\n10179 Berlin<br \/>\nT +49 30-28 44 41 7-0<br \/>\nF +49 30-28 44 41 7-12<br \/>\nwww.schlichtungsstelle-der-rechtsanwaltschaft.de<br \/>\nschlichtungsstelle@sdr.org<br \/>\nis available on application.<\/p>\n<p>Due to a legal requirement, we are obligated to inform you independently of our participation in an alternative arbitration procedure that the European Commission has set up an online dispute resolution platform (OS) for the out-of-court dispute resolution of consumer disputes. The platform can be found at http:\/\/ec.europa.eu\/consumers\/odr\/ .<\/p>\n<p>&nbsp;<\/p>\n<p><strong>Design and implementation<\/strong><\/p>\n<p><a href=\"https:\/\/meis-design.de\">Meis Design<\/a><\/p>\n<p>&nbsp;<\/p>\n<p><strong>Photography<\/strong><\/p>\n<p><a href=\"https:\/\/www.jochenrolfes.de\">Jochen Rolfes<\/a><\/p>\n<p>&nbsp;<\/p>\n<p><strong>Liable for contents<\/strong><\/p>\n<p>Pursuant to Section 7 (1) TMG, as a service provider we are responsible for our own contents on these pages according to the general laws. However, according to Sections 8 to 10 TMG, as a service provider we are not obligated to monitor conveyed or stored external information or to investigate circumstances which are indicative of unlawful activity. Obligations pertaining to the removal or blocking the utilisation of information according to the general laws remain unaffected by this. However, a liability in this connection is only possible from the point of cognizance of a specific infringement. These contents will be immediately removed upon discovery of any corresponding infringements.<\/p>\n<p>&nbsp;<\/p>\n<p><strong>Liability for links<\/strong><\/p>\n<p>Our presentation contains links to external third party websites, the contents of which we have no influence over. Therefore we cannot assume any guarantee for such external contents. The respective provider or operator of the website is always responsible for the contents of linked websites. The linked websites were scrutinised for possible statutory violations at the time of linking. Unlawful contents were not discernible at the time of linking. However, a permanent contextual control of the linked websites is not reasonable without specific indications of an infringement. We will immediately remove such links upon discovery of infringements.<\/p>\n<p>&nbsp;<\/p>\n<p><strong>Copyright<\/strong><\/p>\n<p>The contents and work compiled on these pages by the website operator are subject to German copyright law. The reproduction, handling, dissemination and any form of exploitation beyond the ambit of copyright law require the written consent of the respective author or originator. Downloads and copies of these pages are only permitted for private, non-commercial usage. Insofar as the contents on these pages have not been compiled by the operator, the copyrights of third parties are observed. In particular, the contents of third parties will be identified as such. Nevertheless, should you become aware of a copyright infringement, we request an appropriate notification. We will immediately remove such contents upon discovery of any infringements.<\/p>\n<\/div><\/div><\/div><\/div><\/div><div class=\"vc_col-sm-4 wpb_column vc_column_container\"><div class=\"vc_column-inner\"><div class=\"wpb_wrapper\"><\/div><\/div><\/div><\/div><\/div><\/section>\n","protected":false},"excerpt":{"rendered":"Legal information The lawyers of the law firm Wurll Jasper + Kollegen (Guido Wurll, Raoul Jasper, Carolin Blank, Magdalena Krahwinkel, Alexandra Jasper, Olga Zahrabelnaya) are licensed lawyers in accordance with the law of the Federal Republic of Germany and are members of the Rechtsanwaltskammer D\u00fcsseldorf [D\u00fcsseldorf Bar Association]. Rechtsanwaltskammer D\u00fcsseldorf Freiligrathstra\u00dfe 25 40479 D\u00fcsseldorf T...","protected":false},"author":1,"featured_media":0,"parent":0,"menu_order":0,"comment_status":"closed","ping_status":"closed","template":"","meta":{"footnotes":""},"yoast_head":"<!-- This site is optimized with the Yoast SEO plugin v21.5 - https:\/\/yoast.com\/wordpress\/plugins\/seo\/ -->\n<title>Imprint - Wurll Jasper + Kollegen<\/title>\n<meta name=\"robots\" content=\"index, follow, max-snippet:-1, max-image-preview:large, max-video-preview:-1\" \/>\n<link rel=\"canonical\" href=\"https:\/\/wurll-jasper.de\/en\/imprint\/\" \/>\n<meta property=\"og:locale\" content=\"en_US\" \/>\n<meta property=\"og:type\" content=\"article\" \/>\n<meta property=\"og:title\" content=\"Imprint - Wurll Jasper + Kollegen\" \/>\n<meta property=\"og:url\" content=\"https:\/\/wurll-jasper.de\/en\/imprint\/\" \/>\n<meta property=\"og:site_name\" content=\"Wurll Jasper + Kollegen\" \/>\n<meta property=\"article:publisher\" content=\"https:\/\/www.facebook.com\/wurllplus\/\" \/>\n<meta property=\"article:modified_time\" content=\"2021-02-07T18:05:39+00:00\" \/>\n<meta property=\"og:image\" content=\"https:\/\/wurll-jasper.de\/wp-content\/uploads\/WurllJasper_Logo_188-x-110-px_01.png\" \/>\n\t<meta property=\"og:image:width\" content=\"197\" \/>\n\t<meta property=\"og:image:height\" content=\"110\" \/>\n\t<meta property=\"og:image:type\" content=\"image\/png\" \/>\n<meta name=\"twitter:card\" content=\"summary_large_image\" \/>\n<meta name=\"twitter:label1\" content=\"Est. reading time\" \/>\n\t<meta name=\"twitter:data1\" content=\"3 minutes\" \/>\n<script type=\"application\/ld+json\" class=\"yoast-schema-graph\">{\"@context\":\"https:\/\/schema.org\",\"@graph\":[{\"@type\":\"WebPage\",\"@id\":\"https:\/\/wurll-jasper.de\/en\/imprint\/\",\"url\":\"https:\/\/wurll-jasper.de\/en\/imprint\/\",\"name\":\"Imprint - Wurll Jasper + Kollegen\",\"isPartOf\":{\"@id\":\"https:\/\/wurll-jasper.de\/#website\"},\"datePublished\":\"2014-11-27T11:30:39+00:00\",\"dateModified\":\"2021-02-07T18:05:39+00:00\",\"breadcrumb\":{\"@id\":\"https:\/\/wurll-jasper.de\/en\/imprint\/#breadcrumb\"},\"inLanguage\":\"en-US\",\"potentialAction\":[{\"@type\":\"ReadAction\",\"target\":[\"https:\/\/wurll-jasper.de\/en\/imprint\/\"]}]},{\"@type\":\"BreadcrumbList\",\"@id\":\"https:\/\/wurll-jasper.de\/en\/imprint\/#breadcrumb\",\"itemListElement\":[{\"@type\":\"ListItem\",\"position\":1,\"name\":\"Startseite\",\"item\":\"https:\/\/wurll-jasper.de\/en\/\"},{\"@type\":\"ListItem\",\"position\":2,\"name\":\"Imprint\"}]},{\"@type\":\"WebSite\",\"@id\":\"https:\/\/wurll-jasper.de\/#website\",\"url\":\"https:\/\/wurll-jasper.de\/\",\"name\":\"Wurll Jasper + Kollegen\",\"description\":\"Die Kanzlei f\u00fcr Arbeitsrecht\",\"publisher\":{\"@id\":\"https:\/\/wurll-jasper.de\/#organization\"},\"potentialAction\":[{\"@type\":\"SearchAction\",\"target\":{\"@type\":\"EntryPoint\",\"urlTemplate\":\"https:\/\/wurll-jasper.de\/?s={search_term_string}\"},\"query-input\":\"required name=search_term_string\"}],\"inLanguage\":\"en-US\"},{\"@type\":\"Organization\",\"@id\":\"https:\/\/wurll-jasper.de\/#organization\",\"name\":\"Wurll Jasper + Kollegen\",\"url\":\"https:\/\/wurll-jasper.de\/\",\"logo\":{\"@type\":\"ImageObject\",\"inLanguage\":\"en-US\",\"@id\":\"https:\/\/wurll-jasper.de\/#\/schema\/logo\/image\/\",\"url\":\"https:\/\/wurll-jasper.de\/wp-content\/uploads\/Wurll_Logo_188-x-110-px_01.png\",\"contentUrl\":\"https:\/\/wurll-jasper.de\/wp-content\/uploads\/Wurll_Logo_188-x-110-px_01.png\",\"width\":188,\"height\":110,\"caption\":\"Wurll Jasper + Kollegen\"},\"image\":{\"@id\":\"https:\/\/wurll-jasper.de\/#\/schema\/logo\/image\/\"},\"sameAs\":[\"https:\/\/www.facebook.com\/wurllplus\/\",\"https:\/\/www.xing.com\/companies\/wurll+kollegendiekanzleifrarbeitsrecht\"]}]}<\/script>\n<!-- \/ Yoast SEO plugin. -->","yoast_head_json":{"title":"Imprint - Wurll Jasper + Kollegen","robots":{"index":"index","follow":"follow","max-snippet":"max-snippet:-1","max-image-preview":"max-image-preview:large","max-video-preview":"max-video-preview:-1"},"canonical":"https:\/\/wurll-jasper.de\/en\/imprint\/","og_locale":"en_US","og_type":"article","og_title":"Imprint - Wurll Jasper + Kollegen","og_url":"https:\/\/wurll-jasper.de\/en\/imprint\/","og_site_name":"Wurll Jasper + Kollegen","article_publisher":"https:\/\/www.facebook.com\/wurllplus\/","article_modified_time":"2021-02-07T18:05:39+00:00","og_image":[{"width":197,"height":110,"url":"https:\/\/wurll-jasper.de\/wp-content\/uploads\/WurllJasper_Logo_188-x-110-px_01.png","type":"image\/png"}],"twitter_card":"summary_large_image","twitter_misc":{"Est. reading time":"3 minutes"},"schema":{"@context":"https:\/\/schema.org","@graph":[{"@type":"WebPage","@id":"https:\/\/wurll-jasper.de\/en\/imprint\/","url":"https:\/\/wurll-jasper.de\/en\/imprint\/","name":"Imprint - Wurll Jasper + Kollegen","isPartOf":{"@id":"https:\/\/wurll-jasper.de\/#website"},"datePublished":"2014-11-27T11:30:39+00:00","dateModified":"2021-02-07T18:05:39+00:00","breadcrumb":{"@id":"https:\/\/wurll-jasper.de\/en\/imprint\/#breadcrumb"},"inLanguage":"en-US","potentialAction":[{"@type":"ReadAction","target":["https:\/\/wurll-jasper.de\/en\/imprint\/"]}]},{"@type":"BreadcrumbList","@id":"https:\/\/wurll-jasper.de\/en\/imprint\/#breadcrumb","itemListElement":[{"@type":"ListItem","position":1,"name":"Startseite","item":"https:\/\/wurll-jasper.de\/en\/"},{"@type":"ListItem","position":2,"name":"Imprint"}]},{"@type":"WebSite","@id":"https:\/\/wurll-jasper.de\/#website","url":"https:\/\/wurll-jasper.de\/","name":"Wurll Jasper + Kollegen","description":"Die Kanzlei f\u00fcr Arbeitsrecht","publisher":{"@id":"https:\/\/wurll-jasper.de\/#organization"},"potentialAction":[{"@type":"SearchAction","target":{"@type":"EntryPoint","urlTemplate":"https:\/\/wurll-jasper.de\/?s={search_term_string}"},"query-input":"required name=search_term_string"}],"inLanguage":"en-US"},{"@type":"Organization","@id":"https:\/\/wurll-jasper.de\/#organization","name":"Wurll Jasper + Kollegen","url":"https:\/\/wurll-jasper.de\/","logo":{"@type":"ImageObject","inLanguage":"en-US","@id":"https:\/\/wurll-jasper.de\/#\/schema\/logo\/image\/","url":"https:\/\/wurll-jasper.de\/wp-content\/uploads\/Wurll_Logo_188-x-110-px_01.png","contentUrl":"https:\/\/wurll-jasper.de\/wp-content\/uploads\/Wurll_Logo_188-x-110-px_01.png","width":188,"height":110,"caption":"Wurll Jasper + Kollegen"},"image":{"@id":"https:\/\/wurll-jasper.de\/#\/schema\/logo\/image\/"},"sameAs":["https:\/\/www.facebook.com\/wurllplus\/","https:\/\/www.xing.com\/companies\/wurll+kollegendiekanzleifrarbeitsrecht"]}]}},"_links":{"self":[{"href":"https:\/\/wurll-jasper.de\/en\/wp-json\/wp\/v2\/pages\/1641"}],"collection":[{"href":"https:\/\/wurll-jasper.de\/en\/wp-json\/wp\/v2\/pages"}],"about":[{"href":"https:\/\/wurll-jasper.de\/en\/wp-json\/wp\/v2\/types\/page"}],"author":[{"embeddable":true,"href":"https:\/\/wurll-jasper.de\/en\/wp-json\/wp\/v2\/users\/1"}],"replies":[{"embeddable":true,"href":"https:\/\/wurll-jasper.de\/en\/wp-json\/wp\/v2\/comments?post=1641"}],"version-history":[{"count":10,"href":"https:\/\/wurll-jasper.de\/en\/wp-json\/wp\/v2\/pages\/1641\/revisions"}],"predecessor-version":[{"id":2212,"href":"https:\/\/wurll-jasper.de\/en\/wp-json\/wp\/v2\/pages\/1641\/revisions\/2212"}],"wp:attachment":[{"href":"https:\/\/wurll-jasper.de\/en\/wp-json\/wp\/v2\/media?parent=1641"}],"curies":[{"name":"wp","href":"https:\/\/api.w.org\/{rel}","templated":true}]}}